{"id":3,"date":"2025-01-22T17:30:37","date_gmt":"2025-01-22T17:30:37","guid":{"rendered":"https:\/\/airtechgroup.es\/?page_id=3"},"modified":"2026-02-27T14:45:16","modified_gmt":"2026-02-27T14:45:16","slug":"politica-de-privacidad","status":"publish","type":"page","link":"https:\/\/airtechgroup.es\/es\/politica-de-privacidad\/","title":{"rendered":"Aviso legal y pol\u00edtica de privacidad"},"content":{"rendered":"<div class=\"entry-content clear\">\n<blockquote class=\"wp-block-quote is-layout-flow wp-block-quote-is-layout-flow\">\n<h2>INFORMACI\u00d3N LEGAL LSSIICE<\/h2>\n<p>De acuerdo con las obligaciones previstas en la Ley 34\/2002, de Servicios de la Sociedad de la Informaci\u00f3n y de Comercio Electr\u00f3nico (en adelante LSSIICE), AIR TECH GROUP, S.L.U con CIF B67798977 y domicilio social en c\/ Afores, s\/n, 43414, Sarral (TARRAGONA) y direcci\u00f3n electr\u00f3nica administracion@airtechgroup.es manifiesta que son de su propiedad:<\/p>\n<p>&#8211; el dominio\u00a0<a href=\"https:\/\/airtechgroup.es\/es\/\">https:\/\/airtechgroup.es\/es\/<\/a><\/p>\n<p>Que AIR TECH GROUP, S.L.U. est\u00e1 inscrita en el Registro Mercantil de Tarragona, en el Tomo 3286, Folio 176.<\/p>\n<p>AIR TECH GROUP SLU no puede asumir ninguna responsabilidad derivada del uso incorrecto, inadecuado o il\u00edcito de la informaci\u00f3n que aparezca en sus p\u00e1ginas web o presencia online en las diversas redes sociales. Con los l\u00edmites establecidos en la ley, AIR TECH GROUP SLU no asume ninguna responsabilidad por la falta de veracidad, integridad, actualizaci\u00f3n y precisi\u00f3n de los datos o informaciones que se contienen en sus p\u00e1ginas de Internet.<\/p>\n<p>Los contenidos e informaci\u00f3n de las p\u00e1ginas de Internet y redes sociales de AIR TECH GROUP SLU est\u00e1n elaborados por profesionales debidamente cualificados para el ejercicio de su profesi\u00f3n. No obstante, los contenidos e informaci\u00f3n no vinculan a la susodicha ni constituyen opiniones, consejos o asesoramiento legal de ning\u00fan tipo, pues se trata meramente de un servicio ofrecido con car\u00e1cter informativo y divulgativo.<\/p>\n<p>Las p\u00e1ginas de Internet y redes sociales de AIR TECH GROUP SLU pueden contener enlaces (links) a otras p\u00e1ginas de terceras partes. Por tanto, esta no puede asumir responsabilidades por el contenido que pueda aparecer en p\u00e1ginas de terceros. Los textos, im\u00e1genes, sonidos, animaciones, software y el resto de contenidos incluidos en este website son propiedad exclusiva de AIR TECH GROUP SLU o sus licenciantes. Cualquier acto de transmisi\u00f3n, distribuci\u00f3n, cesi\u00f3n, reproducci\u00f3n, almacenamiento o comunicaci\u00f3n p\u00fablica total o parcial, debe contar con el consentimiento expreso de AIR TECH GROUP SLU.<\/p>\n<p>De la misma manera se reserva el derecho a retirar el acceso al Portal, sin necesidad de previo aviso, a cualquier usuario que contravenga lo dispuesto en este aviso legal.<\/p>\n<h2>PROTECCI\u00d3N DE DATOS PERSONALES<\/h2>\n<p>En virtud de la normativa de protecci\u00f3n de datos personales, por la presente se informa que los datos personales facilitados ser\u00e1n tratados bajo la responsabilidad de AIR TECH GROUP SLU y domicilio en c\/ Afores, s\/n, 43414 \u2013 Sarral (TARRAGONA).<\/p>\n<p><strong>Formulario de Contacto:<\/strong>\u00a0Sus datos ser\u00e1n tratados con la finalidad de gestionar su petici\u00f3n y poder darle respuesta, siendo la prestaci\u00f3n de este servicio el motivo que nos legitima tratar sus datos. Estos datos ser\u00e1n conservados hasta que se resuelva la petici\u00f3n y no ser\u00e1n transmitidos a terceros.<\/p>\n<p>Si son recogidos a trav\u00e9s del uso de las cookies anal\u00edticas que previamente ha aceptado al acceder a nuestro sitio, ser\u00e1n empleados con las finalidades de an\u00e1lisis especificadas en la pol\u00edtica de cookies del sitio web. Sus datos ser\u00e1n sujeto de transferencias internacionales con los Estados Unidos y conservados durante el tiempo que sea necesario para conseguir la finalidad.<\/p>\n<p>En cualquier caso, podr\u00e1 indicar la revocaci\u00f3n del consentimiento otorgado, si esta fue la base que legitim\u00f3 el tratamiento o ejercitar los derechos previstos:<\/p>\n<ul>\n<li><strong>Acceso:<\/strong>\u00a0El interesado tiene derecho a saber si el responsable del tratamiento trata datos personales suyos y, si es as\u00ed, tiene derecho a acceder a estos datos y a obtener la informaci\u00f3n al respecto de los tratamientos realizados.<\/li>\n<li><strong>Rectificaci\u00f3n:<\/strong>\u00a0Est\u00e1 vinculado al car\u00e1cter inexacto o incompleto de los datos. El interesado tiene derecho a rectificar sus datos personales inexactos y que se completen sus datos personales incompletos.<\/li>\n<li><strong>Supresi\u00f3n:<\/strong>\u00a0El interesado tiene derecho a obtener la supresi\u00f3n de sus datos personales (\u00abderecho al olvido\u00bb), cuando estos ya no son necesarios para la finalidad para la cual se recogieron, se revoca el consentimiento en el que se basaba el tratamiento, el interesado se opone al tratamiento, los datos se han tratado il\u00edcitamente, se han de suprimir para cumplir una obligaci\u00f3n legal o se han obtenido en relaci\u00f3n con la oferta de servicios de la sociedad de la informaci\u00f3n dirigida a menores.<\/li>\n<li><strong>Limitaci\u00f3n del tratamiento:<\/strong>\u00a0Es un derecho de la persona interesada consistente en marcar sus datos de car\u00e1cter personal conservados, con la finalidad de limitar su tratamiento en el futuro. La limitaci\u00f3n del tratamiento supone que, a petici\u00f3n de la persona interesada, sus datos personales se dejan de tratar.<\/li>\n<li><strong>Oposici\u00f3n:<\/strong>\u00a0El interesado tiene derecho a oponerse al tratamiento de sus datos cuando se basa en algunos supuestos concretos y se invoque un motivo relacionado con su situaci\u00f3n personal.<\/li>\n<li><strong>Portabilidad de los datos:<\/strong>\u00a0El interesado tiene derecho a recibir los datos personales que ha facilitado a un responsable del tratamiento en un formato estructurado, de uso com\u00fan y de lectura mec\u00e1nica, si se basa en el consentimiento o en un contrato o cuando el tratamiento se realiza por medios automatizados.<\/li>\n<li><strong>A no ser objeto de decisiones individuales automatizadas:<\/strong>\u00a0El interesado tiene derecho a no ser objeto de una decisi\u00f3n basada solo en el tratamiento automatizado de sus datos, incluida la elaboraci\u00f3n de perfiles que produzca efectos jur\u00eddicos en \u00e9l o le afecte negativamente.<\/li>\n<\/ul>\n<p>Estas peticiones deber\u00e1n realizarse en c\/ Afores, s\/n, 43414 \u2013 Sarral (TARRAGONA) o a\u00a0<a href=\"mailto:administracion@airtechgroup.es\">administracion@airtechgroup.es<\/a><\/p>\n<p>Asimismo tambi\u00e9n podr\u00e1 presentar una reclamaci\u00f3n ante la Agencia Espa\u00f1ola de Protecci\u00f3n de Datos.<\/p>\n<h2>PROPIEDAD INDUSTRIAL E INTELECTUAL<\/h2>\n<p>Esta web es propiedad de AIR TECH GROUP SLU. Los derechos de Propiedad Intelectual y derechos de explotaci\u00f3n y reproducci\u00f3n de esta web, sus p\u00e1ginas, su presencia en redes sociales, pantallas, la informaci\u00f3n que contienen, su apariencia y dise\u00f1o, as\u00ed como los enlaces (\u00abhiperv\u00ednculos\u00bb) establecidos desde ella a otras p\u00e1ginas web de cualquier centro adscrito u organismo dependiente, son propiedad exclusiva de esta salvo que expresamente se establezca otra cosa.<\/p>\n<p>Todas las denominaciones, dise\u00f1os y\/o logotipos, as\u00ed como cualesquiera productos o servicios ofrecidos y reflejados en este sitio web, son marcas comerciales debidamente registradas por AIR TECH GROUP SLU, por sus subsidiarias y\/o dominadas o por terceros.<\/p>\n<p>Cualquier uso indebido de los mismos por personas diferentes de su leg\u00edtimo titular y sin el consentimiento expreso e inequ\u00edvoco por parte de este podr\u00e1 ser denunciado y perseguido a trav\u00e9s de todos los medios legales existentes en el ordenamiento jur\u00eddico espa\u00f1ol y\/o comunitario.<\/p>\n<p>Los derechos de propiedad intelectual y marcas comerciales de terceros se destacan convenientemente y han de ser respetados por todo aquel que acceda a esta p\u00e1gina, no siendo responsabilidad de AIR TECH GROUP SLU el uso que el usuario pueda llevar a cabo a este respecto, siendo la \u00fanica responsabilidad sobre su persona.<\/p>\n<p>Solo para uso personal y privado se permite descargar los contenidos, copiar o imprimir cualquier p\u00e1gina de esta web y redes sociales. Queda prohibido reproducir, transmitir, modificar o eliminar la informaci\u00f3n, contenido o advertencias de este sitio web sin la autorizaci\u00f3n previa por escrito de AIR TECH GROUP SLU.<\/p>\n<p>AIR TECH GROUP SLU no transfiere a los usuarios la propiedad de su software. El usuario es el propietario del medio en el que se graba el software. AIR TECH GROUP SLU posee todos los derechos de propiedad industrial e intelectual, incluyendo el software. Si el usuario transfiere software de este sitio web a su terminal, no podr\u00e1 diseccionar para su estudio y descompilar, traducir la versi\u00f3n del c\u00f3digo objeto original o su idioma u otro c\u00f3digo o idioma.<\/p>\n<h2>LEY APLICABLE Y JURISDICCI\u00d3N<\/h2>\n<p>Las presentes condiciones generales se rigen por la Legislaci\u00f3n espa\u00f1ola, siendo competentes los Juzgados y Tribunales espa\u00f1oles para conocer de cuantas cuestiones se susciten sobre la interpretaci\u00f3n, aplicaci\u00f3n y cumplimiento de las mismas. El usuario, en virtud de su aceptaci\u00f3n a las condiciones generales recogidas en este aviso legal y siempre que dicha sumisi\u00f3n sea posible, renuncia expresamente a cualquier fuero que, por aplicaci\u00f3n de la Ley de Enjuiciamiento Civil vigente, pudiera corresponderle.<\/p><\/blockquote>\n<\/div>\n","protected":false},"excerpt":{"rendered":"<p>INFORMACI\u00d3N LEGAL LSSIICE De acuerdo con las obligaciones previstas en  [&#8230;]<\/p>\n","protected":false},"author":1,"featured_media":0,"parent":0,"menu_order":0,"comment_status":"closed","ping_status":"closed","template":"","meta":{"_acf_changed":false,"footnotes":""},"class_list":["post-3","page","type-page","status-publish","hentry"],"acf":[],"_links":{"self":[{"href":"https:\/\/airtechgroup.es\/es\/wp-json\/wp\/v2\/pages\/3","targetHints":{"allow":["GET"]}}],"collection":[{"href":"https:\/\/airtechgroup.es\/es\/wp-json\/wp\/v2\/pages"}],"about":[{"href":"https:\/\/airtechgroup.es\/es\/wp-json\/wp\/v2\/types\/page"}],"author":[{"embeddable":true,"href":"https:\/\/airtechgroup.es\/es\/wp-json\/wp\/v2\/users\/1"}],"replies":[{"embeddable":true,"href":"https:\/\/airtechgroup.es\/es\/wp-json\/wp\/v2\/comments?post=3"}],"version-history":[{"count":9,"href":"https:\/\/airtechgroup.es\/es\/wp-json\/wp\/v2\/pages\/3\/revisions"}],"predecessor-version":[{"id":3122,"href":"https:\/\/airtechgroup.es\/es\/wp-json\/wp\/v2\/pages\/3\/revisions\/3122"}],"wp:attachment":[{"href":"https:\/\/airtechgroup.es\/es\/wp-json\/wp\/v2\/media?parent=3"}],"curies":[{"name":"wp","href":"https:\/\/api.w.org\/{rel}","templated":true}]}}