{"id":2537,"date":"2025-03-31T13:20:08","date_gmt":"2025-03-31T13:20:08","guid":{"rendered":"https:\/\/airtechgroup.es\/?page_id=2537"},"modified":"2025-03-31T13:27:33","modified_gmt":"2025-03-31T13:27:33","slug":"politica-de-cookies","status":"publish","type":"page","link":"https:\/\/airtechgroup.es\/es\/politica-de-cookies\/","title":{"rendered":"Pol\u00edtica de cookies"},"content":{"rendered":"<blockquote class=\"wp-block-quote is-layout-flow wp-block-quote-is-layout-flow\"><p>En nuestra web utilizamos cookies para mejorar tu experiencia de usuario. Si navegas por nuestro sitio web, estar\u00e1s aceptando el uso de las cookies en las condiciones establecidas en la presente Pol\u00edtica de Cookies. Esta pol\u00edtica puede ser actualizada, por lo que te invitamos a revisarla de forma regular.<\/p><\/blockquote>\n<h3 class=\"wp-block-heading\">\u00bfQu\u00e9 son y para qu\u00e9 sirven las cookies?<\/h3>\n<p>Las Cookies son peque\u00f1os archivos que se instalan en el ordenador o en el dispositivo durante el recorrido por las p\u00e1ginas web\/aplicaciones para mantener un registro de tus preferencias y recordarlas cuando vuelva a visitarnos. El objetivo es facilitar el uso y navegaci\u00f3n de los usuarios.<\/p>\n<h3 class=\"wp-block-heading\">\u00bfC\u00f3mo utilizamos las cookies?<\/h3>\n<p>Navegar por esta web supone que se puedan instalar los siguientes tipos de cookies:<\/p>\n<h4 class=\"wp-block-heading\">Cookies imprescindibles<\/h4>\n<p>Son estrictamente necesarias para el funcionamiento de un sitio web. Sin ellas, un sitio web no puede funcionar correctamente. Por este motivo, no solicitamos su consentimiento expl\u00edcito respecto a estas cookies.<\/p>\n<h4 class=\"wp-block-heading\">Cookies funcionales<\/h4>\n<p>Sirven para mejorar la funcionalidad del sitio web. Se trata, por ejemplo, de cookies que recuerdan el contenido que has visualizado anteriormente en este sitio web o la direcci\u00f3n de correo electr\u00f3nico y contrase\u00f1a proporcionadas durante el registro en una visita anterior.<\/p>\n<h4 class=\"wp-block-heading\">Cookies anal\u00edticas propias o de terceros<\/h4>\n<p>__utma, __utmb, __utmc, __utmz<br \/>\nNos facilitan informaci\u00f3n estad\u00edstica sobre el uso que realizan los usuarios del portal. Estas cookies no permiten identificar al usuario, puesto que la informaci\u00f3n que recogen es an\u00f3nima y ser\u00e1 utilizada \u00fanicamente para mejora de las p\u00e1ginas y de navegaci\u00f3n por el portal, estad\u00edsticas de uso, velocidad de las b\u00fasquedas, medici\u00f3n de la actividad del sitio web, etc. Esta web utiliza la herramienta gratuita de an\u00e1lisis web Google Analytics. Si quieres m\u00e1s informaci\u00f3n puedes encontrarla aqu\u00ed: https:\/\/developers.google.com\/analytics\/devguides\/collection\/analyticsjs\/cookie-usage<\/p>\n<h3 class=\"wp-block-heading\">\u00bfC\u00f3mo puede evitar que se instalen las cookies?<\/h3>\n<p>Puedes permitir, bloquear o eliminar las cookies instaladas en tu equipo mediante la configuraci\u00f3n de las opciones de su navegador de internet. En caso de que las bloquees, es posible que ciertos servicios que necesitan su uso no est\u00e9n disponibles. A continuaci\u00f3n te ofrecemos enlaces en los que encontrar\u00e1s informaci\u00f3n sobre c\u00f3mo puede activar sus preferencias en los principales navegadores:<\/p>\n<h4 class=\"wp-block-heading\">Cookies Firefox<\/h4>\n<figure class=\"wp-block-embed\">https:\/\/support.mozilla.org\/es\/kb\/cookies-informacion-que-los-sitios-web-guardan-en-<\/figure>\n<h4 class=\"wp-block-heading\">Cookies Chrome<\/h4>\n<figure class=\"wp-block-embed\">https:\/\/support.google.com\/chrome\/answer\/95647?hl=es<\/figure>\n<h4 class=\"wp-block-heading\">Cookies Iexplore<\/h4>\n<p>http:\/\/windows.microsoft.com\/es-xl\/internet-explorer\/delete-manage-cookies#ie=ie-10<\/p>\n<h4 class=\"wp-block-heading\">Cookies Safari<\/h4>\n<p>http:\/\/support.apple.com\/kb\/ph5042<\/p>\n<h4 class=\"wp-block-heading\">Cookies Opera<\/h4>\n<p>http:\/\/help.opera.com\/Linux\/10.60\/es-ES\/cookies.html<\/p>\n","protected":false},"excerpt":{"rendered":"<p>En nuestra web utilizamos cookies para mejorar tu experiencia de  [&#8230;]<\/p>\n","protected":false},"author":1,"featured_media":0,"parent":0,"menu_order":0,"comment_status":"closed","ping_status":"closed","template":"100-width.php","meta":{"_acf_changed":false,"footnotes":""},"class_list":["post-2537","page","type-page","status-publish","hentry"],"acf":[],"_links":{"self":[{"href":"https:\/\/airtechgroup.es\/es\/wp-json\/wp\/v2\/pages\/2537","targetHints":{"allow":["GET"]}}],"collection":[{"href":"https:\/\/airtechgroup.es\/es\/wp-json\/wp\/v2\/pages"}],"about":[{"href":"https:\/\/airtechgroup.es\/es\/wp-json\/wp\/v2\/types\/page"}],"author":[{"embeddable":true,"href":"https:\/\/airtechgroup.es\/es\/wp-json\/wp\/v2\/users\/1"}],"replies":[{"embeddable":true,"href":"https:\/\/airtechgroup.es\/es\/wp-json\/wp\/v2\/comments?post=2537"}],"version-history":[{"count":3,"href":"https:\/\/airtechgroup.es\/es\/wp-json\/wp\/v2\/pages\/2537\/revisions"}],"predecessor-version":[{"id":2556,"href":"https:\/\/airtechgroup.es\/es\/wp-json\/wp\/v2\/pages\/2537\/revisions\/2556"}],"wp:attachment":[{"href":"https:\/\/airtechgroup.es\/es\/wp-json\/wp\/v2\/media?parent=2537"}],"curies":[{"name":"wp","href":"https:\/\/api.w.org\/{rel}","templated":true}]}}