{"id":2174,"date":"2024-04-03T20:57:36","date_gmt":"2024-04-03T20:57:36","guid":{"rendered":"https:\/\/airtechgroup.es\/?page_id=9"},"modified":"2025-06-01T11:52:18","modified_gmt":"2025-06-01T11:52:18","slug":"factory-home","status":"publish","type":"page","link":"https:\/\/airtechgroup.es\/es\/","title":{"rendered":"Inicio"},"content":{"rendered":"<p><div class=\"fusion-fullwidth fullwidth-box fusion-builder-row-1 fusion-flex-container has-pattern-background has-mask-background hundred-percent-fullwidth non-hundred-percent-height-scrolling\" style=\"--awb-border-radius-top-left:0px;--awb-border-radius-top-right:0px;--awb-border-radius-bottom-right:0px;--awb-border-radius-bottom-left:0px;--awb-padding-right-medium:30px;--awb-padding-left-medium:30px;--awb-background-color:hsla(var(--awb-color4-h),var(--awb-color4-s),calc(var(--awb-color4-l) - 25%),var(--awb-color4-a));--awb-flex-wrap:wrap;\" ><div class=\"fusion-builder-row fusion-row fusion-flex-align-items-flex-start fusion-flex-content-wrap\" style=\"width:104% !important;max-width:104% !important;margin-left: calc(-4% \/ 2 );margin-right: calc(-4% \/ 2 );\"><div class=\"fusion-layout-column fusion_builder_column fusion-builder-column-0 fusion_builder_column_1_1 1_1 fusion-flex-column\" style=\"--awb-bg-image:linear-gradient(150deg, var(--awb-color5) 0%,rgba(0,0,0,0) 40%);--awb-bg-size:cover;--awb-width-large:100%;--awb-spacing-right-large:0px;--awb-margin-bottom-large:0px;--awb-spacing-left-large:0px;--awb-width-medium:100%;--awb-order-medium:0;--awb-spacing-right-medium:0px;--awb-spacing-left-medium:0px;--awb-width-small:100%;--awb-order-small:0;--awb-spacing-right-small:1.92%;--awb-spacing-left-small:1.92%;\" data-scroll-devices=\"small-visibility,medium-visibility,large-visibility\"><div class=\"awb-column__background-slider\" style=\"background-color:var(--awb-bg-color);background-image: var(--awb-bg-image);\"><div class=\"awb-background-slider\" data-type=\"column\" data-loop=\"yes\" data-animation=\"slide\" data-slideshow-speed=\"5000\" data-animation-speed=\"800\" data-direction=\"down\" style=\"--awb-image-position:50% 50%;mix-blend-mode:hard-light;\"><div class=\"swiper-wrapper\"><div class=\"swiper-slide\"><img decoding=\"async\" width=\"1952\" height=\"608\" src=\"https:\/\/airtechgroup.es\/wp-content\/uploads\/2025\/02\/soporte_1.png\" class=\"awb-background-slider__image lazyload\" alt=\"\" srcset=\"data:image\/svg+xml,%3Csvg%20xmlns%3D%27http%3A%2F%2Fwww.w3.org%2F2000%2Fsvg%27%20width%3D%271952%27%20height%3D%27608%27%20viewBox%3D%270%200%201952%20608%27%3E%3Crect%20width%3D%271952%27%20height%3D%27608%27%20fill-opacity%3D%220%22%2F%3E%3C%2Fsvg%3E\" data-orig-src=\"https:\/\/airtechgroup.es\/wp-content\/uploads\/2025\/02\/soporte_1.png\" data-srcset=\"https:\/\/airtechgroup.es\/wp-content\/uploads\/2025\/02\/soporte_1-200x62.png 200w, https:\/\/airtechgroup.es\/wp-content\/uploads\/2025\/02\/soporte_1-300x93.png 300w, https:\/\/airtechgroup.es\/wp-content\/uploads\/2025\/02\/soporte_1-400x125.png 400w, https:\/\/airtechgroup.es\/wp-content\/uploads\/2025\/02\/soporte_1-600x187.png 600w, https:\/\/airtechgroup.es\/wp-content\/uploads\/2025\/02\/soporte_1-768x239.png 768w, https:\/\/airtechgroup.es\/wp-content\/uploads\/2025\/02\/soporte_1-800x249.png 800w, https:\/\/airtechgroup.es\/wp-content\/uploads\/2025\/02\/soporte_1-1024x319.png 1024w, https:\/\/airtechgroup.es\/wp-content\/uploads\/2025\/02\/soporte_1-1200x374.png 1200w, https:\/\/airtechgroup.es\/wp-content\/uploads\/2025\/02\/soporte_1-1536x478.png 1536w, https:\/\/airtechgroup.es\/wp-content\/uploads\/2025\/02\/soporte_1.png 1952w\" data-sizes=\"auto\" \/><\/div><div class=\"swiper-slide\"><img decoding=\"async\" width=\"1952\" height=\"608\" src=\"https:\/\/airtechgroup.es\/wp-content\/uploads\/2025\/02\/soporte_4.png\" class=\"awb-background-slider__image lazyload\" alt=\"\" srcset=\"data:image\/svg+xml,%3Csvg%20xmlns%3D%27http%3A%2F%2Fwww.w3.org%2F2000%2Fsvg%27%20width%3D%271952%27%20height%3D%27608%27%20viewBox%3D%270%200%201952%20608%27%3E%3Crect%20width%3D%271952%27%20height%3D%27608%27%20fill-opacity%3D%220%22%2F%3E%3C%2Fsvg%3E\" data-orig-src=\"https:\/\/airtechgroup.es\/wp-content\/uploads\/2025\/02\/soporte_4.png\" data-srcset=\"https:\/\/airtechgroup.es\/wp-content\/uploads\/2025\/02\/soporte_4-200x62.png 200w, https:\/\/airtechgroup.es\/wp-content\/uploads\/2025\/02\/soporte_4-300x93.png 300w, https:\/\/airtechgroup.es\/wp-content\/uploads\/2025\/02\/soporte_4-400x125.png 400w, https:\/\/airtechgroup.es\/wp-content\/uploads\/2025\/02\/soporte_4-600x187.png 600w, https:\/\/airtechgroup.es\/wp-content\/uploads\/2025\/02\/soporte_4-768x239.png 768w, https:\/\/airtechgroup.es\/wp-content\/uploads\/2025\/02\/soporte_4-800x249.png 800w, https:\/\/airtechgroup.es\/wp-content\/uploads\/2025\/02\/soporte_4-1024x319.png 1024w, https:\/\/airtechgroup.es\/wp-content\/uploads\/2025\/02\/soporte_4-1200x374.png 1200w, https:\/\/airtechgroup.es\/wp-content\/uploads\/2025\/02\/soporte_4-1536x478.png 1536w, https:\/\/airtechgroup.es\/wp-content\/uploads\/2025\/02\/soporte_4.png 1952w\" data-sizes=\"auto\" \/><\/div><\/div><\/div><\/div><div class=\"fusion-column-wrapper fusion-column-has-shadow fusion-flex-justify-content-flex-start fusion-content-layout-column\"><div class=\"awb-column__content\"><div class=\"fusion-image-element \" style=\"text-align:center;--awb-caption-title-font-family:var(--h2_typography-font-family);--awb-caption-title-font-weight:var(--h2_typography-font-weight);--awb-caption-title-font-style:var(--h2_typography-font-style);--awb-caption-title-size:var(--h2_typography-font-size);--awb-caption-title-transform:var(--h2_typography-text-transform);--awb-caption-title-line-height:var(--h2_typography-line-height);--awb-caption-title-letter-spacing:var(--h2_typography-letter-spacing);\"><span class=\" fusion-imageframe imageframe-none imageframe-1 hover-type-none\"><img decoding=\"async\" width=\"1024\" height=\"362\" alt=\"AirTech Air Decontamination Systems\" title=\"Marca_AirTech\" src=\"https:\/\/airtechgroup.es\/wp-content\/uploads\/2025\/01\/Marca_AirTech.png\" data-orig-src=\"https:\/\/airtechgroup.es\/wp-content\/uploads\/2025\/01\/Marca_AirTech-1024x362.png\" class=\"lazyload img-responsive wp-image-9\" srcset=\"data:image\/svg+xml,%3Csvg%20xmlns%3D%27http%3A%2F%2Fwww.w3.org%2F2000%2Fsvg%27%20width%3D%272325%27%20height%3D%27823%27%20viewBox%3D%270%200%202325%20823%27%3E%3Crect%20width%3D%272325%27%20height%3D%27823%27%20fill-opacity%3D%220%22%2F%3E%3C%2Fsvg%3E\" data-srcset=\"https:\/\/airtechgroup.es\/wp-content\/uploads\/2025\/01\/Marca_AirTech-200x71.png 200w, https:\/\/airtechgroup.es\/wp-content\/uploads\/2025\/01\/Marca_AirTech-400x142.png 400w, https:\/\/airtechgroup.es\/wp-content\/uploads\/2025\/01\/Marca_AirTech-600x212.png 600w, https:\/\/airtechgroup.es\/wp-content\/uploads\/2025\/01\/Marca_AirTech-800x283.png 800w, https:\/\/airtechgroup.es\/wp-content\/uploads\/2025\/01\/Marca_AirTech-1200x425.png 1200w\" data-sizes=\"auto\" data-orig-sizes=\"(max-width: 800px) 100vw, 1024px\" \/><\/span><\/div><\/div><\/div><\/div><\/div><\/div><div class=\"fusion-fullwidth fullwidth-box fusion-builder-row-2 fusion-flex-container has-pattern-background has-mask-background nonhundred-percent-fullwidth non-hundred-percent-height-scrolling\" style=\"--awb-background-position:left top;--awb-background-repeat:repeat-y;--awb-border-color:var(--awb-custom_color_1);--awb-border-radius-top-left:0px;--awb-border-radius-top-right:0px;--awb-border-radius-bottom-right:0px;--awb-border-radius-bottom-left:0px;--awb-padding-top:100px;--awb-padding-bottom:100px;--awb-flex-wrap:wrap;\" ><div class=\"fusion-builder-row fusion-row fusion-flex-align-items-flex-start fusion-flex-content-wrap\" style=\"max-width:1248px;margin-left: calc(-4% \/ 2 );margin-right: calc(-4% \/ 2 );\"><div class=\"fusion-layout-column fusion_builder_column fusion-builder-column-1 fusion_builder_column_2_3 2_3 fusion-flex-column\" style=\"--awb-bg-size:cover;--awb-width-large:66.666666666667%;--awb-spacing-right-large:2.88%;--awb-margin-bottom-large:0px;--awb-spacing-left-large:2.88%;--awb-width-medium:80%;--awb-order-medium:0;--awb-spacing-right-medium:2.4%;--awb-margin-bottom-medium:40px;--awb-spacing-left-medium:2.4%;--awb-width-small:100%;--awb-order-small:0;--awb-spacing-right-small:1.92%;--awb-margin-bottom-small:20px;--awb-spacing-left-small:1.92%;\"><div class=\"fusion-column-wrapper fusion-column-has-shadow fusion-flex-justify-content-flex-start fusion-content-layout-column\"><div class=\"fusion-title title fusion-title-1 fusion-sep-none fusion-title-text fusion-title-size-two\"><h2 class=\"fusion-title-heading title-heading-left fusion-responsive-typography-calculated\" style=\"margin:0;text-transform:none;--fontSize:50;line-height:1.3;\">Construyendo un futuro con aire interior (indoor air) limpio, sin contaminaci\u00f3n<\/h2><\/div><div class=\"fusion-text fusion-text-1\" style=\"--awb-margin-right:80px;\"><p><strong>Air Tech Group S.L.U.<\/strong> naci\u00f3 con el objetivo de DESCONTAMINAR EL AIRE INTERIOR (indoor air). Desarrolla filtros espec\u00edficos para eliminar a temperatura ambiente vapores y gases peligrosos, sean muy t\u00f3xicos (mortales a dosis altas), irritantes de las v\u00edas respiratorias o simplemente pestilentes, captur\u00e1ndolos por absorci\u00f3n qu\u00edmica (mediante reacciones irreversibles).<\/p>\n<\/div><div class=\"fusion-separator\" style=\"align-self: flex-start;margin-right:auto;margin-top:40px;margin-bottom:40px;width:100%;max-width:220px;\"><div class=\"fusion-separator-border sep-single sep-solid\" style=\"--awb-height:20px;--awb-amount:20px;--awb-sep-color:var(--awb-color5);border-color:var(--awb-color5);border-top-width:8px;\"><\/div><\/div><\/div><\/div><div class=\"fusion-layout-column fusion_builder_column fusion-builder-column-2 fusion_builder_column_1_3 1_3 fusion-flex-column fusion-animated\" style=\"--awb-bg-size:cover;--awb-width-large:33.333333333333%;--awb-spacing-right-large:0px;--awb-margin-bottom-large:0px;--awb-spacing-left-large:5.76%;--awb-width-medium:33.333333333333%;--awb-order-medium:0;--awb-spacing-right-medium:0px;--awb-spacing-left-medium:5.76%;--awb-width-small:100%;--awb-order-small:0;--awb-spacing-right-small:1.92%;--awb-margin-bottom-small:60px;--awb-spacing-left-small:1.92%;\" data-animationType=\"fadeInUp\" data-animationDuration=\"1.0\" data-animationDelay=\"1.0\" data-animationOffset=\"top-into-view\" data-scroll-devices=\"small-visibility,medium-visibility,large-visibility\"><div class=\"fusion-column-wrapper fusion-column-has-shadow fusion-flex-justify-content-flex-start fusion-content-layout-column\"><div class=\"fusion-image-element \" style=\"--awb-aspect-ratio: 100 \/ 110;--awb-caption-title-font-family:var(--h2_typography-font-family);--awb-caption-title-font-weight:var(--h2_typography-font-weight);--awb-caption-title-font-style:var(--h2_typography-font-style);--awb-caption-title-size:var(--h2_typography-font-size);--awb-caption-title-transform:var(--h2_typography-text-transform);--awb-caption-title-line-height:var(--h2_typography-line-height);--awb-caption-title-letter-spacing:var(--h2_typography-letter-spacing);\"><span class=\" fusion-imageframe imageframe-none imageframe-2 hover-type-none has-aspect-ratio\"><img decoding=\"async\" width=\"400\" height=\"400\" title=\"Icona_AirTech_Twitter\" src=\"https:\/\/airtechgroup.es\/wp-content\/uploads\/2025\/01\/Icona_AirTech_Twitter.png\" data-orig-src=\"https:\/\/airtechgroup.es\/wp-content\/uploads\/2025\/01\/Icona_AirTech_Twitter.png\" class=\"lazyload img-responsive wp-image-10 img-with-aspect-ratio\" data-parent-fit=\"cover\" data-parent-container=\".fusion-image-element\" alt srcset=\"data:image\/svg+xml,%3Csvg%20xmlns%3D%27http%3A%2F%2Fwww.w3.org%2F2000%2Fsvg%27%20width%3D%27400%27%20height%3D%27400%27%20viewBox%3D%270%200%20400%20400%27%3E%3Crect%20width%3D%27400%27%20height%3D%27400%27%20fill-opacity%3D%220%22%2F%3E%3C%2Fsvg%3E\" data-srcset=\"https:\/\/airtechgroup.es\/wp-content\/uploads\/2025\/01\/Icona_AirTech_Twitter-200x200.png 200w, https:\/\/airtechgroup.es\/wp-content\/uploads\/2025\/01\/Icona_AirTech_Twitter.png 400w\" data-sizes=\"auto\" data-orig-sizes=\"(max-width: 800px) 100vw, 400px\" \/><\/span><\/div><\/div><\/div><\/div><\/div>\n<div class=\"fusion-fullwidth fullwidth-box fusion-builder-row-3 fusion-flex-container has-pattern-background has-mask-background fusion-parallax-none hundred-percent-fullwidth non-hundred-percent-height-scrolling fusion-no-small-visibility lazyload\" style=\"--awb-border-sizes-top:1px;--awb-border-sizes-bottom:1px;--awb-border-sizes-left:0px;--awb-border-sizes-right:0px;--awb-border-color:var(--awb-custom_color_1);--awb-border-radius-top-left:0px;--awb-border-radius-top-right:0px;--awb-border-radius-bottom-right:0px;--awb-border-radius-bottom-left:0px;--awb-padding-top:40px;--awb-padding-bottom:60px;--awb-background-color:var(--awb-color1);--awb-background-size:cover;--awb-flex-wrap:wrap;\" data-bg=\"https:\/\/airtechgroup.es\/wp-content\/uploads\/2025\/02\/soporte_6-1024x319.png\" ><div class=\"fusion-builder-row fusion-row fusion-flex-align-items-flex-start fusion-flex-content-wrap\" style=\"width:104% !important;max-width:104% !important;margin-left: calc(-4% \/ 2 );margin-right: calc(-4% \/ 2 );\"><div class=\"fusion-layout-column fusion_builder_column fusion-builder-column-3 fusion_builder_column_1_1 1_1 fusion-flex-column\" style=\"--awb-bg-size:cover;--awb-width-large:100%;--awb-spacing-right-large:0px;--awb-margin-bottom-large:0px;--awb-spacing-left-large:0px;--awb-width-medium:100%;--awb-order-medium:0;--awb-spacing-right-medium:0px;--awb-spacing-left-medium:0px;--awb-width-small:100%;--awb-order-small:0;--awb-spacing-right-small:1.92%;--awb-spacing-left-small:1.92%;\"><div class=\"fusion-column-wrapper fusion-column-has-shadow fusion-flex-justify-content-flex-start fusion-content-layout-column\"><div class=\"fusion-title title fusion-title-2 fusion-sep-none fusion-title-marquee fusion-animate-once fusion-title-size-div fusion-text-has-stroke\" style=\"--awb-text-color:var(--awb-color1);--awb-text-stroke-color:var(--awb-color4);--awb-marquee-speed:40000ms;--awb-marquee-translate-x:-100%;--awb-font-size:var(--awb-custom_typography_2-font-size);\"><div class=\"fusion-title-heading title-heading-left title-heading-tag awb-marquee-left fusion-responsive-typography-calculated\" style=\"font-family:var(--awb-custom_typography_2-font-family);font-weight:var(--awb-custom_typography_2-font-weight);font-style:var(--awb-custom_typography_2-font-style);margin:0;font-size:1em;letter-spacing:var(--awb-custom_typography_2-letter-spacing);text-transform:none;--fontSize:100;line-height:var(--awb-custom_typography_2-line-height);\"><span class=\"awb-marquee-content\">Tecnolog\u00eda para la descontaminaci\u00f3n del aire interior \u00b7<\/span><span class=\"awb-marquee-content\">Tecnolog\u00eda para la descontaminaci\u00f3n del aire interior \u00b7<\/span><\/div><\/div><div class=\"sm-text-align-left\" style=\"text-align:center;\"><a class=\"fusion-button button-flat fusion-button-default-size button-default fusion-button-default button-1 fusion-button-default-span fusion-button-default-type\" style=\"--button_font_size:18px;--button_padding-top:24px;--button_padding-right:48px;--button_padding-bottom:26px;--button_padding-left:48px;\" target=\"_self\" data-hover=\"bg_slide_left\" href=\"https:\/\/airtechgroup.es\/nuestra-tecnologia\/\"><span class=\"fusion-button-text awb-button__text awb-button__text--default\">nuestra tecnolog\u00eda<\/span><i class=\"awb-factoryarrow-right awb-button__icon awb-button__icon--default button-icon-right\" aria-hidden=\"true\"><\/i><\/a><\/div><\/div><\/div><\/div><\/div>\n<div class=\"fusion-fullwidth fullwidth-box fusion-builder-row-4 fusion-flex-container has-pattern-background has-mask-background nonhundred-percent-fullwidth non-hundred-percent-height-scrolling\" style=\"--awb-border-radius-top-left:0px;--awb-border-radius-top-right:0px;--awb-border-radius-bottom-right:0px;--awb-border-radius-bottom-left:0px;--awb-padding-top:0px;--awb-background-image:linear-gradient(180deg, var(--awb-color5) 0%,var(--awb-color4) 100%);--awb-flex-wrap:wrap;\" ><div class=\"fusion-builder-row fusion-row fusion-flex-align-items-flex-start fusion-flex-content-wrap\" style=\"max-width:calc( 1200px + 0px );margin-left: calc(-0px \/ 2 );margin-right: calc(-0px \/ 2 );\"><div class=\"fusion-layout-column fusion_builder_column fusion-builder-column-4 fusion_builder_column_1_2 1_2 fusion-flex-column fusion-flex-align-self-stretch fusion-animated\" style=\"--awb-padding-top-small:20vw;--awb-padding-bottom-small:20vw;--awb-bg-position:center center;--awb-bg-size:cover;--awb-width-large:50%;--awb-spacing-right-large:0px;--awb-margin-bottom-large:0px;--awb-spacing-left-large:0px;--awb-width-medium:50%;--awb-order-medium:0;--awb-spacing-right-medium:0px;--awb-spacing-left-medium:0px;--awb-width-small:100%;--awb-order-small:0;--awb-spacing-right-small:0px;--awb-spacing-left-small:0px;\" data-animationType=\"fadeInUp\" data-animationDuration=\"1.0\" data-animationDelay=\"1.0\" data-animationOffset=\"top-into-view\" data-scroll-devices=\"small-visibility,medium-visibility,large-visibility\"><div class=\"fusion-column-wrapper lazyload fusion-column-has-shadow fusion-flex-justify-content-flex-start fusion-content-layout-column fusion-empty-column-bg-image fusion-column-has-bg-image\" data-bg-url=\"https:\/\/airtechgroup.es\/wp-content\/uploads\/2025\/02\/soporte_b_4.png\" data-bg=\"https:\/\/airtechgroup.es\/wp-content\/uploads\/2025\/02\/soporte_b_4.png\"><img decoding=\"async\" class=\"fusion-empty-dims-img-placeholder\" aria-label=\"soporte_b_4\" src=\"data:image\/svg+xml,%3Csvg%20xmlns%3D%27http%3A%2F%2Fwww.w3.org%2F2000%2Fsvg%27%20width%3D%271024%27%20height%3D%271024%27%20viewBox%3D%270%200%201024%201024%27%3E%3Crect%20width%3D%271024%27%20height%3D%271024%27%20fill-opacity%3D%220%22%2F%3E%3C%2Fsvg%3E\"><\/div><\/div><div class=\"fusion-layout-column fusion_builder_column fusion-builder-column-5 fusion_builder_column_1_2 1_2 fusion-flex-column fusion-flex-align-self-stretch fusion-animated\" style=\"--awb-padding-top:100px;--awb-padding-right:80px;--awb-padding-bottom:100px;--awb-padding-left:80px;--awb-bg-color:hsla(var(--awb-color4-h),var(--awb-color4-s),calc(var(--awb-color4-l) - 20%),var(--awb-color4-a));--awb-bg-color-hover:hsla(var(--awb-color4-h),var(--awb-color4-s),calc(var(--awb-color4-l) - 20%),var(--awb-color4-a));--awb-bg-size:cover;--awb-width-large:50%;--awb-spacing-right-large:0px;--awb-margin-bottom-large:0px;--awb-spacing-left-large:0px;--awb-width-medium:50%;--awb-order-medium:0;--awb-spacing-right-medium:0px;--awb-spacing-left-medium:0px;--awb-width-small:100%;--awb-order-small:0;--awb-spacing-right-small:0px;--awb-spacing-left-small:0px;\" data-animationType=\"fadeInDown\" data-animationDuration=\"1.0\" data-animationDelay=\"1.0\" data-animationOffset=\"top-into-view\"><div class=\"fusion-column-wrapper fusion-column-has-shadow fusion-flex-justify-content-center fusion-content-layout-column\"><div class=\"fusion-text fusion-text-2 fusion-text-no-margin\" style=\"--awb-font-size:var(--awb-typography5-font-size);--awb-line-height:var(--awb-typography5-line-height);--awb-letter-spacing:var(--awb-typography5-letter-spacing);--awb-text-transform:var(--awb-typography5-text-transform);--awb-text-color:var(--awb-color5);--awb-margin-bottom:20px;--awb-text-font-family:var(--awb-typography5-font-family);--awb-text-font-weight:var(--awb-typography5-font-weight);--awb-text-font-style:var(--awb-typography5-font-style);\"><p>Innovamos hoy para un aire m\u00e1s puro ma\u00f1ana<\/p>\n<\/div><div class=\"fusion-title title fusion-title-3 fusion-sep-none fusion-title-text fusion-title-size-three\" style=\"--awb-text-color:var(--awb-color1);--awb-margin-bottom:30px;\"><h3 class=\"fusion-title-heading title-heading-left fusion-responsive-typography-calculated\" style=\"margin:0;text-transform:none;--fontSize:40;line-height:1.4;\">Hablemos de Aire Limpio, Descontaminado. Hablemos de Indoor Air Quality (IAQ)<\/h3><\/div><div class=\"fusion-text fusion-text-3 fusion-text-no-margin\" style=\"--awb-text-color:hsla(var(--awb-color1-h),var(--awb-color1-s),var(--awb-color1-l),calc(var(--awb-color1-a) - 30%));--awb-margin-bottom:60px;\"><p>Cont\u00e1ctanos y descubre c\u00f3mo podemos ayudarte a descontaminar el aire interior (Indoor Air) de viviendas, hospitales, salas de espect\u00e1culos, aviones, trenes, veh\u00edculos, parvularios, aulas diversas, centros comerciales, oficinas y f\u00e1bricas, incorporando un filtro o varios filtros adicionales:<\/p>\n<ul>\n<li>a los purificadores corrientes, convirti\u00e9ndolos en \u201cdescontaminadores\u201d,<\/li>\n<li>a los aparatos de aire acondicionado convencionales,<\/li>\n<li>a los sistemas profesionales de ventilaci\u00f3n de grandes edificios.<\/li>\n<\/ul>\n<p>O dise\u00f1ando nuevos sistemas o aparatos especiales para tales fines.<\/p>\n<\/div><div ><a class=\"fusion-button button-flat fusion-button-default-size button-custom fusion-button-default button-2 fusion-button-default-span fusion-button-default-type fusion-has-button-gradient\" style=\"--button_accent_color:var(--awb-color1);--button_accent_hover_color:var(--awb-color1);--button_border_hover_color:var(--awb-color4);--button_border_width-top:1px;--button_border_width-right:1px;--button_border_width-bottom:1px;--button_border_width-left:1px;--button_gradient_start:92%;--button_gradient_end:92%;--button_gradient_top_color:hsla(var(--awb-color1-h),var(--awb-color1-s),var(--awb-color1-l),calc(var(--awb-color1-a) - 100%));--button_gradient_bottom_color:var(--awb-color1);--button_gradient_top_color_hover:var(--awb-color4);--button_gradient_bottom_color_hover:var(--awb-color4);--button_font_size:18px;--button_padding-top:22px;--button_padding-bottom:24px;--button_margin-bottom:10px;\" target=\"_self\" data-hover=\"bg_slide_left\" href=\"https:\/\/airtechgroup.es\/contacto\/\"><span class=\"fusion-button-text awb-button__text awb-button__text--default\">Solicita informaci\u00f3n<\/span><i class=\"awb-factoryarrow-right awb-button__icon awb-button__icon--default button-icon-right\" aria-hidden=\"true\"><\/i><\/a><\/div><\/div><\/div><\/div><\/div>\n<\/p>\n","protected":false},"excerpt":{"rendered":"","protected":false},"author":1,"featured_media":0,"parent":0,"menu_order":0,"comment_status":"closed","ping_status":"closed","template":"100-width.php","meta":{"_acf_changed":false,"footnotes":""},"class_list":["post-2174","page","type-page","status-publish","hentry"],"acf":[],"_links":{"self":[{"href":"https:\/\/airtechgroup.es\/es\/wp-json\/wp\/v2\/pages\/2174","targetHints":{"allow":["GET"]}}],"collection":[{"href":"https:\/\/airtechgroup.es\/es\/wp-json\/wp\/v2\/pages"}],"about":[{"href":"https:\/\/airtechgroup.es\/es\/wp-json\/wp\/v2\/types\/page"}],"author":[{"embeddable":true,"href":"https:\/\/airtechgroup.es\/es\/wp-json\/wp\/v2\/users\/1"}],"replies":[{"embeddable":true,"href":"https:\/\/airtechgroup.es\/es\/wp-json\/wp\/v2\/comments?post=2174"}],"version-history":[{"count":41,"href":"https:\/\/airtechgroup.es\/es\/wp-json\/wp\/v2\/pages\/2174\/revisions"}],"predecessor-version":[{"id":2483,"href":"https:\/\/airtechgroup.es\/es\/wp-json\/wp\/v2\/pages\/2174\/revisions\/2483"}],"wp:attachment":[{"href":"https:\/\/airtechgroup.es\/es\/wp-json\/wp\/v2\/media?parent=2174"}],"curies":[{"name":"wp","href":"https:\/\/api.w.org\/{rel}","templated":true}]}}