{"id":3120,"date":"2025-01-22T17:30:37","date_gmt":"2025-01-22T17:30:37","guid":{"rendered":"https:\/\/airtechgroup.es\/politica-de-privadesa\/"},"modified":"2026-02-27T14:45:51","modified_gmt":"2026-02-27T14:45:51","slug":"politica-de-privadesa","status":"publish","type":"page","link":"https:\/\/airtechgroup.es\/ca\/politica-de-privadesa\/","title":{"rendered":"Av\u00eds legal i pol\u00edtica de privadesa"},"content":{"rendered":"<div class=\"entry-content clear\">\n<blockquote class=\"wp-block-quote is-layout-flow wp-block-quote-is-layout-flow\">\n<h2>INFORMACI\u00d3 LEGAL LSSIICE<\/h2>\n<p>D&#8217;acord amb les obligacions previstes a la Llei 34\/2002, de Serveis de la Societat de la Informaci\u00f3 i de Comer\u00e7 Electr\u00f2nic (d&#8217;ara endavant LSSIICE), AIR TECH GROUP, SLU amb CIF B67798977 i domicili social al c\/ Afores, s\/n, 43414, adre\u00e7a electr\u00f2nica de Sarral (TARRAGONA) propietat:<\/p>\n<p>&#8211; el domini <a href=\"https:\/\/airtechgroup.es\/ca\/\">https:\/\/airtechgroup.es\/es\/<\/a><\/p>\n<p>Que AIR TECH GROUP, SLU est\u00e0 inscrita al Registre Mercantil de Tarragona, al Tom 3286, Foli 176.<\/p>\n<p>AIR TECH GROUP SLU no pot assumir cap responsabilitat derivada de l&#8217;\u00fas incorrecte, inadequat o il\u00b7l\u00edcit de la informaci\u00f3 que aparegui a les seves p\u00e0gines web o pres\u00e8ncia en l\u00ednia a les diverses xarxes socials. Amb els l\u00edmits establerts a la llei, AIR TECH GROUP SLU no assumeix cap responsabilitat per la manca de veracitat, integritat, actualitzaci\u00f3 i precisi\u00f3 de les dades o informacions que es contenen a les seves p\u00e0gines d&#8217;Internet.<\/p>\n<p>Els continguts i la informaci\u00f3 de les p\u00e0gines d&#8217;Internet i les xarxes socials d&#8217;AIR TECH GROUP SLU estan elaborats per professionals degudament qualificats per a l&#8217;exercici de la seva professi\u00f3. Aix\u00f2 no obstant, els continguts i la informaci\u00f3 no vinculen la susdita ni constitueixen opinions, consells o assessorament legal de cap tipus, ja que es tracta merament d&#8217;un servei ofert amb car\u00e0cter informatiu i divulgatiu.<\/p>\n<p>Les p\u00e0gines d&#8217;Internet i les xarxes socials d&#8217;AIR TECH GROUP SLU poden contenir enlla\u00e7os (links) a altres p\u00e0gines de terceres parts. Per tant, aquesta no pot assumir responsabilitats pel contingut que pugui apar\u00e8ixer a p\u00e0gines de tercers. Els textos, imatges, sons, animacions, programari i la resta de continguts inclosos en aquest lloc web s\u00f3n propietat exclusiva d&#8217;AIR TECH GROUP SLU o els seus llicenciants. Qualsevol acte de transmissi\u00f3, distribuci\u00f3, cessi\u00f3, reproducci\u00f3, emmagatzematge o comunicaci\u00f3 p\u00fablica total o parcial ha de comptar amb el consentiment expr\u00e9s d&#8217;AIR TECH GROUP SLU.<\/p>\n<p>De la mateixa manera es reserva el dret a retirar l&#8217;acc\u00e9s al Portal, sense necessitat de previ av\u00eds, a qualsevol usuari que contravingui el que disposa aquest av\u00eds legal.<\/p>\n<h2>PROTECCI\u00d3 DE DADES PERSONALS<\/h2>\n<p>En virtut de la normativa de protecci\u00f3 de dades personals, per la present s&#8217;informa que les dades personals facilitades seran tractades sota la responsabilitat d&#8217;AIR TECH GROUP SLU i domicili al c\/ Afores, s\/n, 43414 \u2013 Sarral (TARRAGONA).<\/p>\n<p><strong>Formulari de Contacte:<\/strong> Les vostres dades seran tractades amb la finalitat de gestionar la vostra petici\u00f3 i poder donar-vos resposta, sent la prestaci\u00f3 d&#8217;aquest servei el motiu que ens legitima tractar les vostres dades. Aquestes dades seran conservades fins que es resolgui la petici\u00f3 i no seran transmeses a tercers.<\/p>\n<p>Si s\u00f3n recollits a trav\u00e9s de l&#8217;\u00fas de les cookies anal\u00edtiques que pr\u00e8viament heu acceptat en accedir al nostre lloc, seran emprats amb les finalitats d&#8217;an\u00e0lisi especificades a la pol\u00edtica de cookies del lloc web. Les vostres dades seran subjectes de transfer\u00e8ncies internacionals amb els Estats Units i conservades durant el temps que sigui necessari per aconseguir la finalitat.<\/p>\n<p>En qualsevol cas, podr\u00e0 indicar la revocaci\u00f3 del consentiment atorgat, si aquesta va ser la base que va legitimar el tractament o exercitar els drets previstos:<\/p>\n<ul>\n<li><strong>Acc\u00e9s:<\/strong> L&#8217;interessat t\u00e9 dret a saber si el responsable del tractament tracta dades personals seves i, si \u00e9s aix\u00ed, t\u00e9 dret a accedir a aquestes dades ia obtenir la informaci\u00f3 sobre els tractaments realitzats.<\/li>\n<li><strong>Rectificaci\u00f3:<\/strong> Est\u00e0 vinculat al car\u00e0cter inexacte o incomplet de les dades. L&#8217;interessat t\u00e9 dret a rectificar les seves dades personals inexactes i que es completin les dades personals incompletes.<\/li>\n<li><strong>Supressi\u00f3:<\/strong> L&#8217;interessat t\u00e9 dret a obtenir la supressi\u00f3 de les seves dades personals (&#8220;dret a l&#8217;oblit&#8221;), quan aquestes ja no s\u00f3n necess\u00e0ries per a la finalitat per a la qual es van recollir, es revoca el consentiment en qu\u00e8 es basava el tractament, l&#8217;interessat s&#8217;oposa al tractament, les dades s&#8217;han tractat il\u00b7l\u00edcitament, s&#8217;han de suprimir per complir una obligaci\u00f3 legal menors.<\/li>\n<li><strong>Limitaci\u00f3 del tractament:<\/strong> \u00c9s un dret de la persona interessada consistent a marcar les dades de car\u00e0cter personal conservades, amb la finalitat de limitar-ne el tractament en el futur. La limitaci\u00f3 del tractament suposa que, a petici\u00f3 de la persona interessada, les vostres dades personals es deixen de tractar.<\/li>\n<li><strong>Oposici\u00f3:<\/strong> L&#8217;interessat t\u00e9 dret a oposar-se al tractament de les vostres dades quan es basa en alguns sup\u00f2sits concrets i s&#8217;invoqui un motiu relacionat amb la vostra situaci\u00f3 personal.<\/li>\n<li><strong>Portabilitat de les dades:<\/strong> L&#8217;interessat t\u00e9 dret a rebre les dades personals que ha facilitat a un responsable del tractament en un format estructurat, d&#8217;\u00fas com\u00fa i de lectura mec\u00e0nica, si es basa en el consentiment o un contracte o quan el tractament es realitza per mitjans automatitzats.<\/li>\n<li><strong>A no ser objecte de decisions individuals automatitzades:<\/strong> L&#8217;interessat t\u00e9 dret a no ser objecte d&#8217;una decisi\u00f3 basada nom\u00e9s en el tractament automatitzat de les seves dades, inclosa l&#8217;elaboraci\u00f3 de perfils que hi produeixi efectes jur\u00eddics o l&#8217;afecti negativament.<\/li>\n<\/ul>\n<p>Aquestes peticions hauran de realitzar-se al c\/ Afores, s\/n, 43414 \u2013 Sarral (TARRAGONA) oa <a href=\"mailto:administracion@airtechgroup.es\">administracion@airtechgroup.es<\/a><\/p>\n<p>Aix\u00ed mateix, tamb\u00e9 podr\u00e0 presentar una reclamaci\u00f3 davant l&#8217;Ag\u00e8ncia Espanyola de Protecci\u00f3 de Dades.<\/p>\n<h2>PROPIETAT INDUSTRIAL I INTEL\u00b7LECTUAL<\/h2>\n<p>Aquest web \u00e9s propietat de AIR TECH GROUP SLU. Els drets de propietat intel\u00b7lectual i drets d&#8217;explotaci\u00f3 i reproducci\u00f3 d&#8217;aquest web, les seves p\u00e0gines, la seva pres\u00e8ncia en xarxes socials, pantalles, la informaci\u00f3 que contenen, la seva aparen\u00e7a i disseny, aix\u00ed com els enlla\u00e7os (&#8220;hipervincles&#8221;) establerts des d&#8217;ella a altres p\u00e0gines web de qualsevol centre adscrit o organisme dependent, s\u00f3n propietat exclusiva d&#8217;aquesta tret que expressa.<\/p>\n<p>Totes les denominacions, dissenys i\/o logotips, aix\u00ed com qualsevol productes o serveis oferts i reflectits en aquest lloc web, s\u00f3n marques comercials degudament registrades per AIR TECH GROUP SLU, per les seves subsidi\u00e0ries i\/o dominades o per tercers.<\/p>\n<p>Qualsevol \u00fas indegut per persones diferents del seu leg\u00edtim titular i sense el consentiment expr\u00e9s i inequ\u00edvoc per part d&#8217;aquest podr\u00e0 ser denunciat i perseguit a trav\u00e9s de tots els mitjans legals existents a l&#8217;ordenament jur\u00eddic espanyol i\/o comunitari.<\/p>\n<p>Els drets de propietat intel\u00b7lectual i marques comercials de tercers es destaquen convenientment i han de ser respectats per tot aquell que accedeixi a aquesta p\u00e0gina, i no \u00e9s responsabilitat d&#8217;AIR TECH GROUP SLU l&#8217;\u00fas que l&#8217;usuari pugui dur a terme sobre aix\u00f2, i \u00e9s l&#8217;\u00fanica responsabilitat sobre la seva persona.<\/p>\n<p>Nom\u00e9s per a \u00fas personal i privat es permet descarregar-ne els continguts, copiar o imprimir qualsevol p\u00e0gina d&#8217;aquesta web i xarxes socials. Queda prohibit reproduir, transmetre, modificar o eliminar la informaci\u00f3, el contingut o les advert\u00e8ncies d&#8217;aquest lloc web sense l&#8217;autoritzaci\u00f3 pr\u00e8via per escrit d&#8217;AIR TECH GROUP SLU.<\/p>\n<p>AIR TECH GROUP SLU no transfereix als usuaris la propietat del programari. L&#8217;usuari \u00e9s el propietari del mitj\u00e0 on s&#8217;enregistra el programari. AIR TECH GROUP SLU posseeix tots els drets de propietat industrial i intel\u00b7lectual, incloent-hi el programari. Si l&#8217;usuari transfereix programari d&#8217;aquest lloc web al vostre terminal, no podreu disseccionar per al seu estudi i descompilar, traduir la versi\u00f3 del codi objecte original o el vostre idioma o un altre codi o idioma.<\/p>\n<h2>LLEI APLICABLE I JURISDICCI\u00d3<\/h2>\n<p>Les presents condicions generals es regeixen per la Legislaci\u00f3 espanyola, sent competents els Jutjats i Tribunals espanyols per con\u00e8ixer de totes les q\u00fcestions que se suscitin sobre la interpretaci\u00f3, aplicaci\u00f3 i compliment de les mateixes. L&#8217;usuari, en virtut de la seva acceptaci\u00f3 a les condicions generals recollides en aquest av\u00eds legal i sempre que aquesta submissi\u00f3 sigui possible, renuncia expressament a qualsevol fur que, per aplicaci\u00f3 de la Llei d&#8217;Enjudiciament Civil vigent, li pugui correspondre.<\/p><\/blockquote>\n<\/div>\n","protected":false},"excerpt":{"rendered":"<p>INFORMACI\u00d3 LEGAL LSSIICE D&#8217;acord amb les obligacions previstes a la  [&#8230;]<\/p>\n","protected":false},"author":1,"featured_media":0,"parent":0,"menu_order":0,"comment_status":"closed","ping_status":"closed","template":"","meta":{"_acf_changed":false,"footnotes":""},"class_list":["post-3120","page","type-page","status-publish","hentry"],"acf":[],"_links":{"self":[{"href":"https:\/\/airtechgroup.es\/ca\/wp-json\/wp\/v2\/pages\/3120","targetHints":{"allow":["GET"]}}],"collection":[{"href":"https:\/\/airtechgroup.es\/ca\/wp-json\/wp\/v2\/pages"}],"about":[{"href":"https:\/\/airtechgroup.es\/ca\/wp-json\/wp\/v2\/types\/page"}],"author":[{"embeddable":true,"href":"https:\/\/airtechgroup.es\/ca\/wp-json\/wp\/v2\/users\/1"}],"replies":[{"embeddable":true,"href":"https:\/\/airtechgroup.es\/ca\/wp-json\/wp\/v2\/comments?post=3120"}],"version-history":[{"count":1,"href":"https:\/\/airtechgroup.es\/ca\/wp-json\/wp\/v2\/pages\/3120\/revisions"}],"predecessor-version":[{"id":3123,"href":"https:\/\/airtechgroup.es\/ca\/wp-json\/wp\/v2\/pages\/3120\/revisions\/3123"}],"wp:attachment":[{"href":"https:\/\/airtechgroup.es\/ca\/wp-json\/wp\/v2\/media?parent=3120"}],"curies":[{"name":"wp","href":"https:\/\/api.w.org\/{rel}","templated":true}]}}