{"id":2944,"date":"2025-03-31T13:20:08","date_gmt":"2025-03-31T13:20:08","guid":{"rendered":"https:\/\/airtechgroup.es\/politica-de-cookies\/"},"modified":"2025-03-31T13:20:08","modified_gmt":"2025-03-31T13:20:08","slug":"politica-de-cookies","status":"publish","type":"page","link":"https:\/\/airtechgroup.es\/ca\/politica-de-cookies\/","title":{"rendered":"Pol\u00edtica de cookies"},"content":{"rendered":"<blockquote class=\"wp-block-quote is-layout-flow wp-block-quote-is-layout-flow\"><p>A la nostra web utilitzem galetes per millorar la teva experi\u00e8ncia d&#8217;usuari. Si navegues pel nostre lloc web, estar\u00e0s acceptant l&#8217;\u00fas de les cookies en les condicions establertes a la present Pol\u00edtica de Cookies. Aquesta pol\u00edtica pot ser actualitzada, per la qual cosa us convidem a revisar-la de forma regular.  <\/p><\/blockquote>\n<h3 class=\"wp-block-heading\">Qu\u00e8 s\u00f3n i per a qu\u00e8 serveixen les galetes?<\/h3>\n<p>Les galetes s\u00f3n petits fitxers que s&#8217;instal\u00b7len a l&#8217;ordinador o al dispositiu durant el recorregut per les p\u00e0gines web\/aplicacions per mantenir un registre de les teves prefer\u00e8ncies i recordar-les quan torni a visitar-nos. L&#8217;objectiu \u00e9s facilitar l&#8217;\u00fas i la navegaci\u00f3 dels usuaris. <\/p>\n<h3 class=\"wp-block-heading\">Com utilitzem les galetes?<\/h3>\n<p>Navegar per aquesta web suposa que es puguin instal\u00b7lar els seg\u00fcents tipus de cookies:<\/p>\n<h4 class=\"wp-block-heading\">Cookies imprescindibles<\/h4>\n<p>S\u00f3n estrictament necess\u00e0ries per al funcionament dun lloc web. Sense elles, un lloc web no pot funcionar correctament. Per aquest motiu, no sol\u00b7licitem el vostre consentiment expl\u00edcit respecte a aquestes cookies.  <\/p>\n<h4 class=\"wp-block-heading\">Cookies funcionals<\/h4>\n<p>Serveixen per millorar la funcionalitat del lloc web. Es tracta, per exemple, de galetes que recorden el contingut que has visualitzat anteriorment en aquest lloc web o l&#8217;adre\u00e7a de correu electr\u00f2nic i contrasenya proporcionades durant el registre en una visita anterior. <\/p>\n<h4 class=\"wp-block-heading\">Cookies anal\u00edtiques pr\u00f2pies o de tercers<\/h4>\n<p>__utma, __utmb, __utmc, __utmz<br \/>\n Ens faciliten informaci\u00f3 estad\u00edstica sobre l&#8217;\u00fas que fan els usuaris del portal. Aquestes galetes no permeten identificar l&#8217;usuari, ja que la informaci\u00f3 que recullen \u00e9s an\u00f2nima i ser\u00e0 utilitzada \u00fanicament per a millora de les p\u00e0gines i de navegaci\u00f3 pel portal, estad\u00edstiques d&#8217;\u00fas, velocitat de les cerques, mesura de l&#8217;activitat del lloc web, etc. Aquest web utilitza l&#8217;eina gratu\u00efta d&#8217;an\u00e0lisi web de Google Analytics. Si vols m\u00e9s informaci\u00f3 la pots trobar aqu\u00ed: https:\/\/developers.google.com\/analytics\/devguides\/collection\/analyticsjs\/cookie-usage   <\/p>\n<h3 class=\"wp-block-heading\">Com podeu evitar que s&#8217;instal\u00b7lin les galetes?<\/h3>\n<p>Podeu permetre, bloquejar o eliminar les galetes instal\u00b7lades al vostre equip mitjan\u00e7ant la configuraci\u00f3 de les opcions del vostre navegador d&#8217;internet. En cas que les blocs, \u00e9s possible que certs serveis que en necessiten l&#8217;\u00fas no estiguin disponibles. A continuaci\u00f3 t&#8217;oferim enlla\u00e7os on trobar\u00e0s informaci\u00f3 sobre com pot activar les seves prefer\u00e8ncies als principals navegadors:  <\/p>\n<h4 class=\"wp-block-heading\">Galetes Firefox<\/h4>\n<figure class=\"wp-block-embed\">https:\/\/support.mozilla.org\/es\/kb\/cookies-informacion-que-los-sitios-web-guardan-en-<\/figure>\n<h4 class=\"wp-block-heading\">Cookies Chrome<\/h4>\n<figure class=\"wp-block-embed\">https:\/\/support.google.com\/chrome\/answer\/95647?hl=es<\/figure>\n<h4 class=\"wp-block-heading\">Cookies Iexplore<\/h4>\n<p>http:\/\/windows.microsoft.com\/es-xl\/internet-explorer\/delete-manage-cookies#ie=ie-10<\/p>\n<h4 class=\"wp-block-heading\">Galetes Safari<\/h4>\n<p>http:\/\/support.apple.com\/kb\/ph5042<\/p>\n<h4 class=\"wp-block-heading\">Cookies Opera<\/h4>\n<p>http:\/\/help.opera.com\/Linux\/10.60\/es-ES\/cookies.html<\/p>\n","protected":false},"excerpt":{"rendered":"<p>A la nostra web utilitzem galetes per millorar la teva  [&#8230;]<\/p>\n","protected":false},"author":1,"featured_media":0,"parent":0,"menu_order":0,"comment_status":"closed","ping_status":"closed","template":"100-width.php","meta":{"_acf_changed":false,"footnotes":""},"class_list":["post-2944","page","type-page","status-publish","hentry"],"acf":[],"_links":{"self":[{"href":"https:\/\/airtechgroup.es\/ca\/wp-json\/wp\/v2\/pages\/2944","targetHints":{"allow":["GET"]}}],"collection":[{"href":"https:\/\/airtechgroup.es\/ca\/wp-json\/wp\/v2\/pages"}],"about":[{"href":"https:\/\/airtechgroup.es\/ca\/wp-json\/wp\/v2\/types\/page"}],"author":[{"embeddable":true,"href":"https:\/\/airtechgroup.es\/ca\/wp-json\/wp\/v2\/users\/1"}],"replies":[{"embeddable":true,"href":"https:\/\/airtechgroup.es\/ca\/wp-json\/wp\/v2\/comments?post=2944"}],"version-history":[{"count":0,"href":"https:\/\/airtechgroup.es\/ca\/wp-json\/wp\/v2\/pages\/2944\/revisions"}],"wp:attachment":[{"href":"https:\/\/airtechgroup.es\/ca\/wp-json\/wp\/v2\/media?parent=2944"}],"curies":[{"name":"wp","href":"https:\/\/api.w.org\/{rel}","templated":true}]}}